{"id":6,"date":"2019-12-05T12:57:34","date_gmt":"2019-12-05T12:57:34","guid":{"rendered":"https:\/\/woimaservices.fi\/?page_id=6"},"modified":"2024-02-08T13:29:55","modified_gmt":"2024-02-08T13:29:55","slug":"etusivu","status":"publish","type":"page","link":"https:\/\/woimaservices.fi\/","title":{"rendered":"Etusivu"},"content":{"rendered":"\n<p>Tervetuloa sivustollesi! T\u00e4m\u00e4 on etusivusi, jonka suurin osa sivustosi vierailijoista n\u00e4kee saapuessaan sivustollesi ensimm\u00e4ist\u00e4 kertaa.<\/p>\n","protected":false},"excerpt":{"rendered":"<p>Tervetuloa sivustollesi! T\u00e4m\u00e4 on etusivusi, jonka suurin osa sivustosi vierailijoista n\u00e4kee saapuessaan sivustollesi ensimm\u00e4ist\u00e4 kertaa.<\/p>\n","protected":false},"author":1,"featured_media":0,"parent":0,"menu_order":0,"comment_status":"closed","ping_status":"closed","template":"","meta":{"footnotes":""},"class_list":["post-6","page","type-page","status-publish","hentry"],"yoast_head":"<!-- This site is optimized with the Yoast SEO plugin v24.9 - https:\/\/yoast.com\/wordpress\/plugins\/seo\/ -->\n<title>Etusivu - Woima Services Oy<\/title>\n<meta name=\"robots\" content=\"index, follow, max-snippet:-1, max-image-preview:large, max-video-preview:-1\" \/>\n<link rel=\"canonical\" href=\"https:\/\/woimaservices.fi\/\" \/>\n<meta property=\"og:locale\" content=\"fi_FI\" \/>\n<meta property=\"og:type\" content=\"article\" \/>\n<meta property=\"og:title\" content=\"Etusivu - Woima Services Oy\" \/>\n<meta property=\"og:description\" content=\"Tervetuloa sivustollesi! T\u00e4m\u00e4 on etusivusi, jonka suurin osa sivustosi vierailijoista n\u00e4kee saapuessaan sivustollesi ensimm\u00e4ist\u00e4 kertaa.\" \/>\n<meta property=\"og:url\" content=\"https:\/\/woimaservices.fi\/\" \/>\n<meta property=\"og:site_name\" content=\"Woima Services Oy\" \/>\n<meta property=\"article:modified_time\" content=\"2024-02-08T13:29:55+00:00\" \/>\n<meta name=\"twitter:card\" content=\"summary_large_image\" \/>\n<meta name=\"twitter:label1\" content=\"Arvioitu lukuaika\" \/>\n\t<meta name=\"twitter:data1\" content=\"1 minuutti\" \/>\n<script type=\"application\/ld+json\" class=\"yoast-schema-graph\">{\"@context\":\"https:\/\/schema.org\",\"@graph\":[{\"@type\":\"WebPage\",\"@id\":\"https:\/\/woimaservices.fi\/\",\"url\":\"https:\/\/woimaservices.fi\/\",\"name\":\"Etusivu - Woima Services Oy\",\"isPartOf\":{\"@id\":\"https:\/\/woimaservices.fi\/#website\"},\"datePublished\":\"2019-12-05T12:57:34+00:00\",\"dateModified\":\"2024-02-08T13:29:55+00:00\",\"breadcrumb\":{\"@id\":\"https:\/\/woimaservices.fi\/#breadcrumb\"},\"inLanguage\":\"fi\",\"potentialAction\":[{\"@type\":\"ReadAction\",\"target\":[\"https:\/\/woimaservices.fi\/\"]}]},{\"@type\":\"BreadcrumbList\",\"@id\":\"https:\/\/woimaservices.fi\/#breadcrumb\",\"itemListElement\":[{\"@type\":\"ListItem\",\"position\":1,\"name\":\"Home\",\"item\":\"https:\/\/woimaservices.fi\/\"},{\"@type\":\"ListItem\",\"position\":2,\"name\":\"Etusivu\"}]},{\"@type\":\"WebSite\",\"@id\":\"https:\/\/woimaservices.fi\/#website\",\"url\":\"https:\/\/woimaservices.fi\/\",\"name\":\"Woima Services Oy\",\"description\":\"\",\"publisher\":{\"@id\":\"https:\/\/woimaservices.fi\/#organization\"},\"potentialAction\":[{\"@type\":\"SearchAction\",\"target\":{\"@type\":\"EntryPoint\",\"urlTemplate\":\"https:\/\/woimaservices.fi\/?s={search_term_string}\"},\"query-input\":{\"@type\":\"PropertyValueSpecification\",\"valueRequired\":true,\"valueName\":\"search_term_string\"}}],\"inLanguage\":\"fi\"},{\"@type\":\"Organization\",\"@id\":\"https:\/\/woimaservices.fi\/#organization\",\"name\":\"Woima Services Oy\",\"url\":\"https:\/\/woimaservices.fi\/\",\"logo\":{\"@type\":\"ImageObject\",\"inLanguage\":\"fi\",\"@id\":\"https:\/\/woimaservices.fi\/#\/schema\/logo\/image\/\",\"url\":\"https:\/\/woimaservices.fi\/wp-content\/uploads\/2019\/12\/cropped-photo_2018-12-27_15-58-52.jpg\",\"contentUrl\":\"https:\/\/woimaservices.fi\/wp-content\/uploads\/2019\/12\/cropped-photo_2018-12-27_15-58-52.jpg\",\"width\":1280,\"height\":269,\"caption\":\"Woima Services Oy\"},\"image\":{\"@id\":\"https:\/\/woimaservices.fi\/#\/schema\/logo\/image\/\"}}]}<\/script>\n<!-- \/ Yoast SEO plugin. -->","yoast_head_json":{"title":"Etusivu - Woima Services Oy","robots":{"index":"index","follow":"follow","max-snippet":"max-snippet:-1","max-image-preview":"max-image-preview:large","max-video-preview":"max-video-preview:-1"},"canonical":"https:\/\/woimaservices.fi\/","og_locale":"fi_FI","og_type":"article","og_title":"Etusivu - Woima Services Oy","og_description":"Tervetuloa sivustollesi! T\u00e4m\u00e4 on etusivusi, jonka suurin osa sivustosi vierailijoista n\u00e4kee saapuessaan sivustollesi ensimm\u00e4ist\u00e4 kertaa.","og_url":"https:\/\/woimaservices.fi\/","og_site_name":"Woima Services Oy","article_modified_time":"2024-02-08T13:29:55+00:00","twitter_card":"summary_large_image","twitter_misc":{"Arvioitu lukuaika":"1 minuutti"},"schema":{"@context":"https:\/\/schema.org","@graph":[{"@type":"WebPage","@id":"https:\/\/woimaservices.fi\/","url":"https:\/\/woimaservices.fi\/","name":"Etusivu - Woima Services Oy","isPartOf":{"@id":"https:\/\/woimaservices.fi\/#website"},"datePublished":"2019-12-05T12:57:34+00:00","dateModified":"2024-02-08T13:29:55+00:00","breadcrumb":{"@id":"https:\/\/woimaservices.fi\/#breadcrumb"},"inLanguage":"fi","potentialAction":[{"@type":"ReadAction","target":["https:\/\/woimaservices.fi\/"]}]},{"@type":"BreadcrumbList","@id":"https:\/\/woimaservices.fi\/#breadcrumb","itemListElement":[{"@type":"ListItem","position":1,"name":"Home","item":"https:\/\/woimaservices.fi\/"},{"@type":"ListItem","position":2,"name":"Etusivu"}]},{"@type":"WebSite","@id":"https:\/\/woimaservices.fi\/#website","url":"https:\/\/woimaservices.fi\/","name":"Woima Services Oy","description":"","publisher":{"@id":"https:\/\/woimaservices.fi\/#organization"},"potentialAction":[{"@type":"SearchAction","target":{"@type":"EntryPoint","urlTemplate":"https:\/\/woimaservices.fi\/?s={search_term_string}"},"query-input":{"@type":"PropertyValueSpecification","valueRequired":true,"valueName":"search_term_string"}}],"inLanguage":"fi"},{"@type":"Organization","@id":"https:\/\/woimaservices.fi\/#organization","name":"Woima Services Oy","url":"https:\/\/woimaservices.fi\/","logo":{"@type":"ImageObject","inLanguage":"fi","@id":"https:\/\/woimaservices.fi\/#\/schema\/logo\/image\/","url":"https:\/\/woimaservices.fi\/wp-content\/uploads\/2019\/12\/cropped-photo_2018-12-27_15-58-52.jpg","contentUrl":"https:\/\/woimaservices.fi\/wp-content\/uploads\/2019\/12\/cropped-photo_2018-12-27_15-58-52.jpg","width":1280,"height":269,"caption":"Woima Services Oy"},"image":{"@id":"https:\/\/woimaservices.fi\/#\/schema\/logo\/image\/"}}]}},"_links":{"self":[{"href":"https:\/\/woimaservices.fi\/index.php\/wp-json\/wp\/v2\/pages\/6","targetHints":{"allow":["GET"]}}],"collection":[{"href":"https:\/\/woimaservices.fi\/index.php\/wp-json\/wp\/v2\/pages"}],"about":[{"href":"https:\/\/woimaservices.fi\/index.php\/wp-json\/wp\/v2\/types\/page"}],"author":[{"embeddable":true,"href":"https:\/\/woimaservices.fi\/index.php\/wp-json\/wp\/v2\/users\/1"}],"replies":[{"embeddable":true,"href":"https:\/\/woimaservices.fi\/index.php\/wp-json\/wp\/v2\/comments?post=6"}],"version-history":[{"count":1,"href":"https:\/\/woimaservices.fi\/index.php\/wp-json\/wp\/v2\/pages\/6\/revisions"}],"predecessor-version":[{"id":9,"href":"https:\/\/woimaservices.fi\/index.php\/wp-json\/wp\/v2\/pages\/6\/revisions\/9"}],"wp:attachment":[{"href":"https:\/\/woimaservices.fi\/index.php\/wp-json\/wp\/v2\/media?parent=6"}],"curies":[{"name":"wp","href":"https:\/\/api.w.org\/{rel}","templated":true}]}}